{"id":823,"date":"2024-07-16T10:44:26","date_gmt":"2024-07-16T10:44:26","guid":{"rendered":"https:\/\/dyo.cat\/politica-de-cookies\/"},"modified":"2024-12-09T11:23:23","modified_gmt":"2024-12-09T11:23:23","slug":"politica-de-cookies","status":"publish","type":"page","link":"https:\/\/dyo.cat\/ca\/politica-de-cookies\/","title":{"rendered":"Pol\u00edtica de cookies"},"content":{"rendered":"<div class=\"fusion-fullwidth fullwidth-box fusion-builder-row-1 fusion-flex-container has-pattern-background has-mask-background nonhundred-percent-fullwidth non-hundred-percent-height-scrolling\" style=\"--link_color: var(--awb-color8);--awb-border-sizes-top:0px;--awb-border-sizes-bottom:0px;--awb-border-sizes-left:0px;--awb-border-sizes-right:0px;--awb-border-color:var(--awb-color1);--awb-border-radius-top-left:0px;--awb-border-radius-top-right:0px;--awb-border-radius-bottom-right:0px;--awb-border-radius-bottom-left:0px;--awb-margin-top:150px;--awb-background-color:var(--awb-color1);--awb-flex-wrap:wrap;\" ><div class=\"fusion-builder-row fusion-row fusion-flex-align-items-flex-start fusion-flex-content-wrap\" style=\"max-width:1248px;margin-left: calc(-4% \/ 2 );margin-right: calc(-4% \/ 2 );\"><div class=\"fusion-layout-column fusion_builder_column fusion-builder-column-0 fusion_builder_column_3_4 3_4 fusion-flex-column fusion-flex-align-self-flex-start\" style=\"--awb-bg-size:cover;--awb-border-color:var(--awb-color1);--awb-border-top:0px;--awb-border-right:0px;--awb-border-bottom:0px;--awb-border-left:0px;--awb-border-style:solid;--awb-width-large:75%;--awb-margin-top-large:0px;--awb-spacing-right-large:2.56%;--awb-margin-bottom-large:0px;--awb-spacing-left-large:2.56%;--awb-width-medium:75%;--awb-order-medium:0;--awb-spacing-right-medium:2.56%;--awb-spacing-left-medium:2.56%;--awb-width-small:100%;--awb-order-small:0;--awb-spacing-right-small:1.92%;--awb-spacing-left-small:1.92%;\" data-scroll-devices=\"small-visibility,medium-visibility,large-visibility\"><div class=\"fusion-column-wrapper fusion-column-has-shadow fusion-flex-justify-content-flex-start fusion-content-layout-column\"><div class=\"fusion-title title fusion-title-1 sep-underline sep-solid fusion-title-text fusion-title-size-one\" style=\"--awb-text-color:var(--awb-color4);--awb-sep-color:var(--awb-color4);--awb-font-size:36px;\"><h1 class=\"fusion-title-heading title-heading-left fusion-responsive-typography-calculated\" style=\"font-family:var(--awb-typography1-font-family);font-weight:var(--awb-typography1-font-weight);font-style:var(--awb-typography1-font-style);margin:0;font-size:1em;letter-spacing:var(--awb-typography1-letter-spacing);text-transform:var(--awb-typography1-text-transform);--fontSize:36;line-height:var(--awb-typography1-line-height);\">Pol\u00edtica de cookies<\/h1><\/div><\/div><\/div><div class=\"fusion-layout-column fusion_builder_column fusion-builder-column-1 fusion_builder_column_1_1 1_1 fusion-flex-column fusion-flex-align-self-flex-start\" style=\"--awb-bg-size:cover;--awb-width-large:100%;--awb-margin-top-large:0px;--awb-spacing-right-large:1.92%;--awb-margin-bottom-large:0px;--awb-spacing-left-large:1.92%;--awb-width-medium:100%;--awb-order-medium:0;--awb-spacing-right-medium:1.92%;--awb-spacing-left-medium:1.92%;--awb-width-small:100%;--awb-order-small:0;--awb-spacing-right-small:1.92%;--awb-spacing-left-small:1.92%;\" data-scroll-devices=\"small-visibility,medium-visibility,large-visibility\"><div class=\"fusion-column-wrapper fusion-column-has-shadow fusion-flex-justify-content-flex-start fusion-content-layout-column\"><div class=\"fusion-text fusion-text-1\"><header class=\"entry-header\"><\/header>\n<div class=\"entry-content\">\n<p>Aquest lloc web utilitza cookies pr\u00f2pies i de tercers per oferir-vos una millor experi\u00e8ncia i servei. En navegar o utilitzar els nostres serveis, l&#8217;usuari accepta l&#8217;\u00fas que fem de les galetes. Tot i aix\u00f2, l&#8217;usuari t\u00e9 l&#8217;opci\u00f3 d&#8217;impedir la generaci\u00f3 de cookies i l&#8217;eliminaci\u00f3 de les mateixes mitjan\u00e7ant la selecci\u00f3 de la corresponent.<\/p>\n<h5><strong>Qu\u00e8 \u00e9s una <\/strong><strong>cookie<\/strong><strong>?<\/strong><\/h5>\n<p>Una galeta \u00e9s un petit fragment de text que els llocs web envien al navegador i que s&#8217;emmagatzemen al terminal de l&#8217;usuari, el qual pot ser un ordinador personal, un tel\u00e8fon m\u00f2bil, tauleta, etc. Aquests fitxers permeten que el lloc web recordi informaci\u00f3 sobre la vostra visita, com l&#8217;idioma i les opcions preferides, la qual cosa pot facilitar la propera visita i fer que el lloc resulti m\u00e9s \u00fatil en personalitzar el contingut. Les cookies exerceixen un paper molt important, en millorar l&#8217;experi\u00e8ncia d&#8217;\u00fas de la web.<\/p>\n<h5><strong>Tipus de cookies<\/strong><\/h5>\n<p>Segons l&#8217;entitat que les gestioni, les cookies poden ser:<\/p>\n<ul>\n<li><strong>Cookies pr\u00f2pies<\/strong>: S\u00f3n aquelles que s&#8217;envien a l&#8217;equip terminal de l&#8217;interessat des d&#8217;un equip o domini gestionat pel mateix editor i des del qual es presta el servei sol\u00b7licitat per l&#8217;usuari.<\/li>\n<li><strong>Cookies de tercers<\/strong>: S\u00f3n aquelles que s&#8217;envien a l&#8217;equip terminal de l&#8217;usuari des d&#8217;un equip o domini que no \u00e9s gestionat per l&#8217;editor, sin\u00f3 per una altra entitat que tracta les dades obtingudes a trav\u00e9s de les cookies.<\/li>\n<\/ul>\n<p>Segons el termini de temps que romanen activades:<\/p>\n<ul>\n<li><strong>Cookies de sessi\u00f3<\/strong>: S\u00f3n un tipus de cookies dissenyades per demanar i emmagatzemar dades mentre l&#8217;usuari accedeix a una p\u00e0gina web. Se solen utilitzar per emmagatzemar informaci\u00f3 que nom\u00e9s interessa conservar per a la prestaci\u00f3 del servei sol\u00b7licitat per lusuari en una sola ocasi\u00f3.<\/li>\n<li><strong>Cookies persistents<\/strong>: S\u00f3n un tipus de cookies en qu\u00e8 les dades segueixen emmagatzemades al terminal i poden ser accedides i tractades durant un per\u00edode definit pel responsable de la cookie, i que pot anar d&#8217;uns minuts a diversos anys.<\/li>\n<\/ul>\n<p>Segons la finalitat per a la qual es tractin les dades obtingudes a trav\u00e9s de les cookies, la web pot utilitzar:<\/p>\n<ul>\n<li><strong>Cookies t\u00e8cniques<\/strong>: S\u00f3n aquelles que permeten a l&#8217;usuari la navegaci\u00f3 a trav\u00e9s de la p\u00e0gina web o aplicaci\u00f3 i la utilitzaci\u00f3 de les diferents opcions o serveis que hi existeixen. Per exemple, controlar el tr\u00e0nsit i la comunicaci\u00f3 de dades, identificar la sessi\u00f3, accedir a les parts web d&#8217;acc\u00e9s restringit, recordar els elements que integren una comanda, fer la sol\u00b7licitud d&#8217;inscripci\u00f3 o participaci\u00f3 en un esdeveniment, utilitzar elements de seguretat durant la navegaci\u00f3 i emmagatzemar continguts per a la difusi\u00f3 de v\u00eddeos o so.<\/li>\n<li><strong>Cookies de personalitzaci\u00f3<\/strong>: S\u00f3n aquelles que permeten a l&#8217;usuari accedir al servei amb algunes caracter\u00edstiques de car\u00e0cter general predefinides al seu terminal o que el mateix usuari defineixi. Per exemple, l&#8217;idioma, el tipus de navegador a trav\u00e9s del qual accedeix al servei, el disseny de continguts seleccionat, la geolocalitzaci\u00f3 del terminal i la configuraci\u00f3 regional des d&#8217;on s&#8217;accedeix al servei.<\/li>\n<li><strong>Cookies publicit\u00e0ries<\/strong>: S\u00f3n aquelles que permeten la gesti\u00f3 efica\u00e7 dels espais publicitaris que s&#8217;han incl\u00f2s a la p\u00e0gina web o aplicaci\u00f3 des de la qual es presta el servei. Permeten adequar el contingut de la publicitat perqu\u00e8 sigui rellevant per a l&#8217;usuari i per evitar mostrar anuncis que l&#8217;usuari ja hagi vist.<\/li>\n<li><strong>Cookies d&#8217;an\u00e0lisi estad\u00edstica<\/strong>: S\u00f3n aquelles que permeten fer el seguiment i l&#8217;an\u00e0lisi del comportament dels usuaris als llocs web. La informaci\u00f3 recollida mitjan\u00e7ant aquest tipus de cookies s&#8217;utilitza en el mesurament de l&#8217;activitat dels llocs web, l&#8217;aplicaci\u00f3 o la plataforma i per a l&#8217;elaboraci\u00f3 de perfils de navegaci\u00f3 dels usuaris d&#8217;aquests llocs, per tal d&#8217;introduir millores al servei en funci\u00f3 dades d&#8217;\u00fas que fan els usuaris.<\/li>\n<\/ul>\n<p>Les cookies utilitzades en aquest lloc web es poden veure al panell de configuraci\u00f3 i ajustar-ne la configuraci\u00f3 en qualsevol moment.<\/p>\n<p>La identificaci\u00f3 de qui utilitza les cookies, el tipus de cookies utilitzades i altres detalls, s&#8217;indica a continuaci\u00f3:<\/p>\n<div class=\"table-1\">\n<table style=\"height: 125px;\" width=\"1200\">\n<tbody>\n<tr>\n<td colspan=\"3\" width=\"900\"><strong>Cookies pr\u00f2pies<\/strong><\/td>\n<\/tr>\n<tr>\n<td width=\"162\"><strong>Cookies<\/strong><\/td>\n<td width=\"176\"><strong>Prop\u00f2sit<\/strong><\/td>\n<td width=\"85\"><strong>Per\u00edode de conservaci\u00f3<\/strong><\/td>\n<\/tr>\n<tr>\n<td width=\"162\">qtrans_cookie_test<\/td>\n<td width=\"176\">Con\u00e8ixer l&#8217;idioma seleccionat a la web<\/td>\n<td width=\"85\">Sessi\u00f3<\/td>\n<\/tr>\n<tr>\n<td width=\"162\">Cdp-cookie-pluguin-wp<\/td>\n<td width=\"176\">Mostra o no mostra l&#8217;av\u00eds de pol\u00edtica de cookies<\/td>\n<td width=\"85\">Sessi\u00f3<\/td>\n<\/tr>\n<\/tbody>\n<\/table>\n<div class=\"fusion-separator fusion-full-width-sep\" style=\"align-self: center;margin-left: auto;margin-right: auto;margin-top:30px;width:100%;\"><\/div>\n<table style=\"height: 513px;\" width=\"1200\">\n<tbody>\n<tr>\n<td colspan=\"4\" width=\"900 \"><strong>Cookies de tercers<\/strong><\/td>\n<\/tr>\n<tr>\n<td width=\"75\"><strong>Cookies<\/strong><\/td>\n<td width=\"88\"><strong>Entidad que utiliza las cookies<\/strong><\/td>\n<td width=\"173\"><strong>Prop\u00f2sit<\/strong><\/td>\n<td width=\"89\"><strong>M\u00e9s informaci\u00f3<\/strong><\/td>\n<\/tr>\n<tr>\n<td width=\"75\">_ga<\/p>\n<p>_gid<\/p>\n<p>_gat<\/td>\n<td width=\"88\">Google Analytics<\/td>\n<td width=\"173\">Aquestes cookies s\u00f3n establertes per Google\u00a0Analytic\u00a0per rastrejar l\u00fas de la web.<\/td>\n<td width=\"89\"><a href=\"https:\/\/developers.google.com\/analytics\/devguides\/collection\/analyticsjs\/cookie-usage\">Google Analytics<\/a><\/p>\n<p><a href=\"http:\/\/www.google.com\/intl\/es\/privacy.html\">Centro de privacidad de Google<\/a><\/td>\n<\/tr>\n<tr>\n<td width=\"75\">1P_JAR<\/td>\n<td width=\"88\">Google<\/td>\n<td width=\"173\">Cookie que transfereix dades a Google per fer la publicitat m\u00e9s atractiva.<\/td>\n<td width=\"89\"><a href=\"http:\/\/www.google.com\/intl\/es\/privacy.html\">Centro de privacidad de Google<\/a><\/td>\n<\/tr>\n<tr>\n<td width=\"75\">CONSENT<\/td>\n<td width=\"88\">Google<\/td>\n<td width=\"173\">Llan\u00e7a un missatge a l&#8217;usuari visitant perqu\u00e8 estigui al corrent que el lloc web utilitza cookies.<\/td>\n<td width=\"89\"><a href=\"http:\/\/www.google.com\/intl\/es\/privacy.html\">Centro de privacidad de Google<\/a><\/td>\n<\/tr>\n<tr>\n<td width=\"75\">IDE<\/td>\n<td width=\"88\">Google<\/td>\n<td width=\"173\">Cookies carregades pels serveis de Google, com reCaptcha i serveis de cerca i compartici\u00f3 de continguts a Google+, entre d&#8217;altres.<\/td>\n<td width=\"89\"><a href=\"http:\/\/www.google.com\/intl\/es\/privacy.html\">Centro de privacidad de Google<\/a><\/td>\n<\/tr>\n<tr>\n<td width=\"75\">DSID<\/td>\n<td width=\"88\">Google<\/td>\n<td width=\"173\">Google\u00a0Adsense\u00a0(DoubleClick): L&#8217;\u00fas de la\u00a0cookie\u00a0de\u00a0DoubleClick\u00a0permet a Google i als seus socis publicar anuncis basats en les visites que els usuaris realitzen als seus llocs o en altres llocs d&#8217;Internet.<\/td>\n<td width=\"89\"><a href=\"http:\/\/www.google.com\/intl\/es\/privacy.html\">Centro<\/a><a href=\"http:\/\/www.google.com\/intl\/es\/privacy.html\"> de <\/a><a href=\"http:\/\/www.google.com\/intl\/es\/privacy.html\">privacidad<\/a><a href=\"http:\/\/www.google.com\/intl\/es\/privacy.html\"> de Google<\/a><\/td>\n<\/tr>\n<\/tbody>\n<\/table>\n<\/div>\n<div class=\"fusion-separator fusion-full-width-sep\" style=\"align-self: center;margin-left: auto;margin-right: auto;margin-top:30px;width:100%;\"><\/div>\n<p>Nota: Les cookies de tipus \u201cPr\u00f2pies\u201d s\u00f3n utilitzades nom\u00e9s pel propietari d&#8217;aquesta web i les cookies \u201cDe tercers\u201d s\u00f3n utilitzades, tamb\u00e9, pel prestador del servei detallat a la taula anterior.<\/p>\n<p>Podeu informar-vos de les transfer\u00e8ncies a tercers pa\u00efsos que, si escau, realitzen els tercers identificats en aquesta pol\u00edtica de cookies en les seves pol\u00edtiques corresponents (vegeu els enlla\u00e7os facilitats a l&#8217;apartat \u201cM\u00e9s informaci\u00f3\u201d de la taula anterior).<\/p>\n<h5><strong>Com administrar cookies al vostre navegador?<\/strong><\/h5>\n<p>L&#8217;usuari t\u00e9 l&#8217;opci\u00f3 de permetre, bloquejar o eliminar les cookies instal\u00b7lades al vostre equip mitjan\u00e7ant la configuraci\u00f3 de les opcions del navegador instal\u00b7lat al vostre terminal:<\/p>\n<ul>\n<li><strong>Firefox<\/strong>: <a href=\"http:\/\/support.mozilla.org\/es\/kb\/habilitar-y-deshabilitar-cookies-que-los-sitios-we\" target=\"_blank\" rel=\"noopener noreferrer\">http:\/\/support.mozilla.org\/es\/kb\/habilitar-y-deshabilitar-cookies-que-los-sitios-we<\/a><\/li>\n<li><strong>Chrome<\/strong>: <a href=\"http:\/\/support.google.com\/chrome\/bin\/answer.py?hl=es&amp;answer=95647\" target=\"_blank\" rel=\"noopener noreferrer\">http:\/\/support.google.com\/chrome\/bin\/answer.py?hl=es&amp;answer=95647<\/a><\/li>\n<li><strong>Internet Explorer<\/strong>: <a href=\"https:\/\/support.microsoft.com\/es-es\/help\/278835\/how-to-delete-cookie-files-in-internet-explorer\" target=\"_blank\" rel=\"noopener noreferrer\">https:\/\/support.microsoft.com\/es-es\/help\/278835\/how-to-delete-cookie-files-in-internet-explorer<\/a><\/li>\n<li><strong>Microsoft Edge: <\/strong><a href=\"https:\/\/support.microsoft.com\/es-es\/help\/4468242\/microsoft-edge-browsing-data-and-privacy-microsoft-privacy\" target=\"_blank\" rel=\"noopener noreferrer\">https:\/\/support.microsoft.com\/es-es\/help\/4468242\/microsoft-edge-browsing-data-and-privacy-microsoft-privacy<\/a><\/li>\n<li><strong>Safari<\/strong>: <a href=\"http:\/\/support.apple.com\/kb\/ph5042\" target=\"_blank\" rel=\"noopener noreferrer\">http:\/\/support.apple.com\/kb\/ph5042<\/a><\/li>\n<li><strong>Opera<\/strong>: <a href=\"http:\/\/help.opera.com\/Windows\/11.50\/es-ES\/cookies.html\" target=\"_blank\" rel=\"noopener noreferrer\">http:\/\/help.opera.com\/Windows\/11.50\/es-ES\/cookies.html<\/a><\/li>\n<\/ul>\n<p>En cas de bloquejar l&#8217;\u00fas de cookies al vostre navegador, \u00e9s possible que alguns serveis o funcionalitats de la p\u00e0gina web no estiguin disponibles.<\/p>\n<p>En alguns navegadors es poden configurar regles espec\u00edfiques per administrar cookies per lloc web, cosa que ofereix un control m\u00e9s prec\u00eds sobre la privadesa. Aix\u00f2 significa que es poden inhabilitar cookies de tots els llocs excepte d&#8217;aquells en qu\u00e8 es confi\u00ef.<\/p>\n<\/div>\n<\/div><\/div><\/div><\/div><\/div>\n","protected":false},"excerpt":{"rendered":"","protected":false},"author":1,"featured_media":0,"parent":0,"menu_order":0,"comment_status":"closed","ping_status":"open","template":"100-width.php","meta":{"_joinchat":[],"footnotes":""},"class_list":["post-823","page","type-page","status-publish","hentry"],"yoast_head":"<!-- This site is optimized with the Yoast SEO plugin v23.9 - https:\/\/yoast.com\/wordpress\/plugins\/seo\/ -->\n<title>Pol\u00edtica de cookies - DYO<\/title>\n<meta name=\"robots\" content=\"index, follow, max-snippet:-1, max-image-preview:large, max-video-preview:-1\" \/>\n<link rel=\"canonical\" href=\"https:\/\/dyo.cat\/ca\/politica-de-cookies\/\" \/>\n<meta property=\"og:locale\" content=\"ca_ES\" \/>\n<meta property=\"og:type\" content=\"article\" \/>\n<meta property=\"og:title\" content=\"Pol\u00edtica de cookies - DYO\" \/>\n<meta property=\"og:url\" content=\"https:\/\/dyo.cat\/ca\/politica-de-cookies\/\" \/>\n<meta property=\"og:site_name\" content=\"DYO\" \/>\n<meta property=\"article:modified_time\" content=\"2024-12-09T11:23:23+00:00\" \/>\n<meta name=\"twitter:card\" content=\"summary_large_image\" \/>\n<meta name=\"twitter:label1\" content=\"Temps estimat de lectura\" \/>\n\t<meta name=\"twitter:data1\" content=\"5 minuts\" \/>\n<script type=\"application\/ld+json\" class=\"yoast-schema-graph\">{\"@context\":\"https:\/\/schema.org\",\"@graph\":[{\"@type\":\"WebPage\",\"@id\":\"https:\/\/dyo.cat\/ca\/politica-de-cookies\/\",\"url\":\"https:\/\/dyo.cat\/ca\/politica-de-cookies\/\",\"name\":\"Pol\u00edtica de cookies - DYO\",\"isPartOf\":{\"@id\":\"https:\/\/dyo.cat\/#website\"},\"datePublished\":\"2024-07-16T10:44:26+00:00\",\"dateModified\":\"2024-12-09T11:23:23+00:00\",\"breadcrumb\":{\"@id\":\"https:\/\/dyo.cat\/ca\/politica-de-cookies\/#breadcrumb\"},\"inLanguage\":\"ca\",\"potentialAction\":[{\"@type\":\"ReadAction\",\"target\":[\"https:\/\/dyo.cat\/ca\/politica-de-cookies\/\"]}]},{\"@type\":\"BreadcrumbList\",\"@id\":\"https:\/\/dyo.cat\/ca\/politica-de-cookies\/#breadcrumb\",\"itemListElement\":[{\"@type\":\"ListItem\",\"position\":1,\"name\":\"Portada\",\"item\":\"https:\/\/dyo.cat\/ca\/\"},{\"@type\":\"ListItem\",\"position\":2,\"name\":\"Pol\u00edtica de cookies\"}]},{\"@type\":\"WebSite\",\"@id\":\"https:\/\/dyo.cat\/#website\",\"url\":\"https:\/\/dyo.cat\/\",\"name\":\"DYO\",\"description\":\"Instal\u00b7laci\u00f3 i manteniment de fontaneria, calefacci\u00f3, gas, aire condicionat i comunitats\",\"potentialAction\":[{\"@type\":\"SearchAction\",\"target\":{\"@type\":\"EntryPoint\",\"urlTemplate\":\"https:\/\/dyo.cat\/?s={search_term_string}\"},\"query-input\":{\"@type\":\"PropertyValueSpecification\",\"valueRequired\":true,\"valueName\":\"search_term_string\"}}],\"inLanguage\":\"ca\"}]}<\/script>\n<!-- \/ Yoast SEO plugin. -->","yoast_head_json":{"title":"Pol\u00edtica de cookies - DYO","robots":{"index":"index","follow":"follow","max-snippet":"max-snippet:-1","max-image-preview":"max-image-preview:large","max-video-preview":"max-video-preview:-1"},"canonical":"https:\/\/dyo.cat\/ca\/politica-de-cookies\/","og_locale":"ca_ES","og_type":"article","og_title":"Pol\u00edtica de cookies - DYO","og_url":"https:\/\/dyo.cat\/ca\/politica-de-cookies\/","og_site_name":"DYO","article_modified_time":"2024-12-09T11:23:23+00:00","twitter_card":"summary_large_image","twitter_misc":{"Temps estimat de lectura":"5 minuts"},"schema":{"@context":"https:\/\/schema.org","@graph":[{"@type":"WebPage","@id":"https:\/\/dyo.cat\/ca\/politica-de-cookies\/","url":"https:\/\/dyo.cat\/ca\/politica-de-cookies\/","name":"Pol\u00edtica de cookies - DYO","isPartOf":{"@id":"https:\/\/dyo.cat\/#website"},"datePublished":"2024-07-16T10:44:26+00:00","dateModified":"2024-12-09T11:23:23+00:00","breadcrumb":{"@id":"https:\/\/dyo.cat\/ca\/politica-de-cookies\/#breadcrumb"},"inLanguage":"ca","potentialAction":[{"@type":"ReadAction","target":["https:\/\/dyo.cat\/ca\/politica-de-cookies\/"]}]},{"@type":"BreadcrumbList","@id":"https:\/\/dyo.cat\/ca\/politica-de-cookies\/#breadcrumb","itemListElement":[{"@type":"ListItem","position":1,"name":"Portada","item":"https:\/\/dyo.cat\/ca\/"},{"@type":"ListItem","position":2,"name":"Pol\u00edtica de cookies"}]},{"@type":"WebSite","@id":"https:\/\/dyo.cat\/#website","url":"https:\/\/dyo.cat\/","name":"DYO","description":"Instal\u00b7laci\u00f3 i manteniment de fontaneria, calefacci\u00f3, gas, aire condicionat i comunitats","potentialAction":[{"@type":"SearchAction","target":{"@type":"EntryPoint","urlTemplate":"https:\/\/dyo.cat\/?s={search_term_string}"},"query-input":{"@type":"PropertyValueSpecification","valueRequired":true,"valueName":"search_term_string"}}],"inLanguage":"ca"}]}},"_links":{"self":[{"href":"https:\/\/dyo.cat\/ca\/wp-json\/wp\/v2\/pages\/823","targetHints":{"allow":["GET"]}}],"collection":[{"href":"https:\/\/dyo.cat\/ca\/wp-json\/wp\/v2\/pages"}],"about":[{"href":"https:\/\/dyo.cat\/ca\/wp-json\/wp\/v2\/types\/page"}],"author":[{"embeddable":true,"href":"https:\/\/dyo.cat\/ca\/wp-json\/wp\/v2\/users\/1"}],"replies":[{"embeddable":true,"href":"https:\/\/dyo.cat\/ca\/wp-json\/wp\/v2\/comments?post=823"}],"version-history":[{"count":4,"href":"https:\/\/dyo.cat\/ca\/wp-json\/wp\/v2\/pages\/823\/revisions"}],"predecessor-version":[{"id":847,"href":"https:\/\/dyo.cat\/ca\/wp-json\/wp\/v2\/pages\/823\/revisions\/847"}],"wp:attachment":[{"href":"https:\/\/dyo.cat\/ca\/wp-json\/wp\/v2\/media?parent=823"}],"curies":[{"name":"wp","href":"https:\/\/api.w.org\/{rel}","templated":true}]}}