{"id":827,"date":"2024-07-16T10:27:16","date_gmt":"2024-07-16T10:27:16","guid":{"rendered":"https:\/\/dyo.cat\/politica-de-privacidad\/"},"modified":"2024-11-29T11:40:04","modified_gmt":"2024-11-29T11:40:04","slug":"politica-de-privacitat","status":"publish","type":"page","link":"https:\/\/dyo.cat\/ca\/politica-de-privacitat\/","title":{"rendered":"Pol\u00edtica de privacitat"},"content":{"rendered":"<div class=\"fusion-fullwidth fullwidth-box fusion-builder-row-1 fusion-flex-container has-pattern-background has-mask-background nonhundred-percent-fullwidth non-hundred-percent-height-scrolling\" style=\"--link_color: var(--awb-color8);--awb-border-sizes-top:0px;--awb-border-sizes-bottom:0px;--awb-border-sizes-left:0px;--awb-border-sizes-right:0px;--awb-border-color:var(--awb-color1);--awb-border-radius-top-left:0px;--awb-border-radius-top-right:0px;--awb-border-radius-bottom-right:0px;--awb-border-radius-bottom-left:0px;--awb-margin-top:150px;--awb-background-color:var(--awb-color1);--awb-flex-wrap:wrap;\" ><div class=\"fusion-builder-row fusion-row fusion-flex-align-items-flex-start fusion-flex-content-wrap\" style=\"max-width:1248px;margin-left: calc(-4% \/ 2 );margin-right: calc(-4% \/ 2 );\"><div class=\"fusion-layout-column fusion_builder_column fusion-builder-column-0 fusion_builder_column_3_4 3_4 fusion-flex-column fusion-flex-align-self-flex-start\" style=\"--awb-bg-size:cover;--awb-border-color:var(--awb-color1);--awb-border-top:0px;--awb-border-right:0px;--awb-border-bottom:0px;--awb-border-left:0px;--awb-border-style:solid;--awb-width-large:75%;--awb-margin-top-large:0px;--awb-spacing-right-large:2.56%;--awb-margin-bottom-large:0px;--awb-spacing-left-large:2.56%;--awb-width-medium:75%;--awb-order-medium:0;--awb-spacing-right-medium:2.56%;--awb-spacing-left-medium:2.56%;--awb-width-small:100%;--awb-order-small:0;--awb-spacing-right-small:1.92%;--awb-spacing-left-small:1.92%;\" data-scroll-devices=\"small-visibility,medium-visibility,large-visibility\"><div class=\"fusion-column-wrapper fusion-column-has-shadow fusion-flex-justify-content-flex-start fusion-content-layout-column\"><div class=\"fusion-title title fusion-title-1 sep-underline sep-solid fusion-title-text fusion-title-size-one\" style=\"--awb-text-color:var(--awb-color4);--awb-sep-color:var(--awb-color4);--awb-font-size:36px;\"><h1 class=\"fusion-title-heading title-heading-left fusion-responsive-typography-calculated\" style=\"font-family:var(--awb-typography1-font-family);font-weight:var(--awb-typography1-font-weight);font-style:var(--awb-typography1-font-style);margin:0;font-size:1em;letter-spacing:var(--awb-typography1-letter-spacing);text-transform:var(--awb-typography1-text-transform);--fontSize:36;line-height:var(--awb-typography1-line-height);\">Pol\u00edtica de privacitat<\/h1><\/div><\/div><\/div><div class=\"fusion-layout-column fusion_builder_column fusion-builder-column-1 fusion_builder_column_1_1 1_1 fusion-flex-column fusion-flex-align-self-flex-start\" style=\"--awb-bg-size:cover;--awb-width-large:100%;--awb-margin-top-large:0px;--awb-spacing-right-large:1.92%;--awb-margin-bottom-large:0px;--awb-spacing-left-large:1.92%;--awb-width-medium:100%;--awb-order-medium:0;--awb-spacing-right-medium:1.92%;--awb-spacing-left-medium:1.92%;--awb-width-small:100%;--awb-order-small:0;--awb-spacing-right-small:1.92%;--awb-spacing-left-small:1.92%;\" data-scroll-devices=\"small-visibility,medium-visibility,large-visibility\"><div class=\"fusion-column-wrapper fusion-column-has-shadow fusion-flex-justify-content-flex-start fusion-content-layout-column\"><div class=\"fusion-text fusion-text-1\"><p>DYO 2013 SLU informa als usuaris del lloc web sobre la seva pol\u00edtica respecte al tractament i protecci\u00f3 de les dades de car\u00e0cter personal dels usuaris i clients. I garanteix en tot moment l&#8217;\u00edntegre i ple compliment de les obligacions disposades per la normativa de protecci\u00f3 de dades i serveis de la societat de la informaci\u00f3: Reglament (UE) 2016\/679 del Parlament Europeu i del Consell, de 27 d&#8217;abril del 2016 , relatiu a la protecci\u00f3 de les persones f\u00edsiques pel que fa al tractament de dades personals ia la lliure circulaci\u00f3 d&#8217;aquestes dades (RGPD), la normativa Llei Org\u00e0nica 3\/2018, del 5 de desembre, de Protecci\u00f3 de Dades Personals i garantia dels drets digitals (LOPDGDD) i la Llei 34\/2002, d&#8217;11 de juliol, de Serveis de la Societat de la Informaci\u00f3 i del Comer\u00e7 Electr\u00f2nic (LSSIce) .<\/p>\n<h5><strong>Responsable del tractament<\/strong><\/h5>\n<p>DYO 2013 SLU<br \/>\nNIF: B25763046<br \/>\nDomicili social: C\/ Penedes, 41. 25005 Lleida<br \/>\nDades registrals: Registre Mercantil de LLEIDA<br \/>\nTel\u00e8fon: 649 117 263<br \/>\nE-mail: <a href=\"mailto:dyo@dyo.cat\" target=\"_blank\" rel=\"noopener\">dyo@dyo.cat<\/a><\/p>\n<h5><strong>Finalitats del tractament de les dades<\/strong><\/h5>\n<p>Les dades facilitades per l&#8217;Usuari s\u00f3n utilitzades per a diverses finalitats que s&#8217;enumeren a continuaci\u00f3:<\/p>\n<h5><strong>Destinataris i termini de conservaci\u00f3 de les dades<\/strong><\/h5>\n<table class=\"t1\" style=\"font-size: 16px;\" cellspacing=\"0\" cellpadding=\"0\">\n<tbody>\n<tr>\n<td class=\"td1\" valign=\"middle\">\n<p class=\"p1\"><strong>Finalitat del tractament<\/strong><\/p>\n<\/td>\n<td class=\"td1\" valign=\"middle\">\n<p class=\"p1\"><strong>Base jur\u00eddica per al tractament<\/strong><\/p>\n<\/td>\n<td class=\"td1\" valign=\"middle\">\n<p class=\"p1\"><strong>Termini de conservaci\u00f3<\/strong><\/p>\n<\/td>\n<\/tr>\n<tr>\n<td class=\"td1\" valign=\"middle\">\n<p class=\"p1\">Gestionar les consultes plantejades a trav\u00e9s dels formularis web.<\/p>\n<\/td>\n<td class=\"td1\" valign=\"middle\">Inter\u00e8s leg\u00edtim de la Societat per atendre els requeriments dinformaci\u00f3 a trav\u00e9s del web.<\/p>\n<p>Consentiment prestat de forma expressa al moment de recollida de les dades a trav\u00e9s dels formularis web.<\/td>\n<td class=\"td1\" valign=\"middle\">\n<p class=\"p1\">Tractarem les teves dades durant el temps que sigui necessari per atendre la teva sol\u00b7licitud o petici\u00f3.<\/p>\n<\/td>\n<\/tr>\n<tr>\n<td class=\"td1\" valign=\"middle\">\n<p class=\"p1\">Enviament de newsletters, comunicacions comercials i promocions.<\/p>\n<\/td>\n<td class=\"td1\" valign=\"middle\">\n<p class=\"p1\">Consentiment prestat de forma expressa al moment de recollida de les dades a trav\u00e9s dels formularis web.<\/p>\n<\/td>\n<td class=\"td1\" valign=\"middle\">\n<p class=\"p1\">Tractarem les teves dades fins que et donis de baixa.<\/p>\n<\/td>\n<\/tr>\n<tr>\n<td class=\"td1\" valign=\"middle\">\n<p class=\"p1\">Gesti\u00f3 del proc\u00e9s de selecci\u00f3 de personal i de la seva relaci\u00f3 com a candidat a feina.<\/p>\n<\/td>\n<td class=\"td1\" valign=\"middle\">\n<p class=\"p1\">Consentiment prestat de forma expressa al moment de recollida de les dades a trav\u00e9s dels formularis web.<\/p>\n<\/td>\n<td class=\"td1\" valign=\"middle\">\n<p class=\"p1\">Tractarem les vostres dades durant un m\u00e0xim de 24 mesos.<\/p>\n<\/td>\n<\/tr>\n<tr>\n<td class=\"td1\" valign=\"middle\">\n<p class=\"p1\">Gestionar les incid\u00e8ncies i el manteniment de la web.<\/p>\n<\/td>\n<td class=\"td1\" valign=\"middle\">\n<p class=\"p1\">Inter\u00e8s leg\u00edtim de la Societat.<\/p>\n<\/td>\n<td class=\"td1\" valign=\"middle\">\n<p class=\"p1\">Tractarem les vostres dades durant el temps necessari per complir els terminis legals de prescripci\u00f3 que li siguin aplicables.<\/p>\n<\/td>\n<\/tr>\n<\/tbody>\n<\/table>\n<div class=\"fusion-separator fusion-full-width-sep\" style=\"align-self: center;margin-left: auto;margin-right: auto;margin-top:30px;width:100%;\"><\/div>\n<p>Per complir les finalitats indicades a la present Pol\u00edtica de Privadesa, cal que donem acc\u00e9s a les teves dades personals a terceres parts que ens donin suport als serveis que t&#8217;oferim (Encarregats de Tractament).<\/p>\n<p>Els encarregats de tractament per a lexecuci\u00f3 dun contracte o prestaci\u00f3 dun servei al Responsable, seguint per aix\u00f2 les seves instruccions en tot moment i assegurant els mateixos nivells de seguretat.<\/p>\n<h5><strong>Drets dels usuaris<\/strong><\/h5>\n<p>L&#8217;usuari t\u00e9 dret a:<\/p>\n<ul>\n<li>Sol\u00b7licitar l&#8217;acc\u00e9s a les vostres dades personals que s&#8217;estan tractant i rebre aquesta informaci\u00f3 per escrit pel mitj\u00e0 sol\u00b7licitat.<\/li>\n<li>Sol\u00b7licitar la rectificaci\u00f3 de les dades personals inexactes o, si escau, sol\u00b7licitar-ne la supressi\u00f3 quan, entre altres motius, les dades ja no siguin necess\u00e0ries per a la finalitat per la qual van ser recollides.<\/li>\n<li>Sol\u00b7licitar la limitaci\u00f3 del tractament de les vostres dades.<\/li>\n<li>Oposar-se al tractament de les seves dades personals quan sigui procedent, cas en qu\u00e8 es deixaran de tractar les seves dades excepte per motius leg\u00edtims.<\/li>\n<li>Dret a la portabilitat de les dades. L&#8217;interessat\/interessada t\u00e9 dret a rebre les dades personals si han estat facilitades en un format estructurat, d&#8217;\u00fas com\u00fa i de lectura mec\u00e0nica, ia transmetre&#8217;ls a un altre responsable, si es compleixen els requisits seg\u00fcents:<\/li>\n<\/ul>\n<p>El tractament es basa en el consentiment o contracte.<\/p>\n<ol>\n<li>El tractament es realitza per mitjans automatitzats.Dret a retirar el consentiment prestat.<\/li>\n<li>Dret a reclamar davant de l&#8217;Ag\u00e8ncia Espanyola de Protecci\u00f3 de Dades.<\/li>\n<\/ol>\n<p>L&#8217;Usuari pot exercir els drets anteriorment indicats a l&#8217;adre\u00e7a de correu postal o electr\u00f2nica del Responsable, acreditant la seva identitat amb c\u00f2pia escanejada del DNI o document equivalent, i especificant el dret que voleu exercir.<\/p>\n<h5><strong>Proced\u00e8ncia de les dades<\/strong><\/h5>\n<p>Les dades personals han de ser facilitades pel mateix interessat de manera absolutament volunt\u00e0ria. La manca d&#8217;algunes dades o la no resposta de preguntes que puguin formular-se a la persona interessada en els processos de registre o mitjan\u00e7ant formularis electr\u00f2nics, pot provocar la impossibilitat d&#8217;acc\u00e9s a determinats serveis per a la prestaci\u00f3 dels quals \u00e9s imprescindible disposar d&#8217;aquestes dades de car\u00e0cter personal. En aquest cas, el responsable del tractament ha d&#8217;informar del car\u00e0cter obligatori o necessari de facilitar les dades personals per al funcionament del servei.<\/p>\n<p>El Responsable assegura la confidencialitat de les dades personals i garanteix la seguretat d&#8217;aquestes, adoptant les mesures necess\u00e0ries per evitar-ne l&#8217;alteraci\u00f3, la p\u00e8rdua, el tractament o l&#8217;acc\u00e9s no autoritzat.<\/p>\n<h5><strong>Informaci\u00f3 facilitada per l&#8217;interessat\/interessada<\/strong><\/h5>\n<p>Els i les menors de 18 anys no poden cedir les seves dades personals sense el consentiment previ del seu pare\/mare i\/o tutors legals.<\/p>\n<p>L&#8217;interessat\/interessada introduint les seves dades als formularis de contacte o presentats en formularis de desc\u00e0rrega, accepten expressament i de forma lliure i inequ\u00edvoca que les seves dades s\u00f3n necess\u00e0ries perqu\u00e8 el Responsable atengui la seva petici\u00f3, sent volunt\u00e0ria la inclusi\u00f3 de dades als camps restants .<\/p>\n<p>L&#8217;interessat\/interessada garanteix que les dades personals facilitades al prestador s\u00f3n veraces i es fa responsable de comunicar-ne qualsevol modificaci\u00f3.<\/p>\n<p>Totes les dades sol\u00b7licitades a trav\u00e9s del lloc web s\u00f3n necess\u00e0ries per prestar un servei \u00f2ptim a l&#8217;interessat\/interessada. En cas que no siguin facilitades totes les dades, no es garanteix que la informaci\u00f3 i els serveis que el responsable li faciliti, siguin completament ajustats a les seves necessitats.<\/p>\n<h5><strong>Mesures de seguretat<\/strong><\/h5>\n<p>Que de conformitat amb el que disposen les normatives vigents en mat\u00e8ria de protecci\u00f3 de dades personals, El Responsable est\u00e0 complint amb totes les disposicions de les normatives RGPD i LOPDGDD per al tractament de les dades personals de la seva responsabilitat, i manifestament amb els principis descrits a l&#8217;article 5 del RGPD i l&#8217;article 4 de la LOPDGDD, pels quals s\u00f3n tractats de forma l\u00edcita, lleial i transparent en relaci\u00f3 amb l&#8217;interessat i adequades, pertinents i limitats al que \u00e9s necessari en relaci\u00f3 amb els fins a qu\u00e8 s\u00f3n tractats.<\/p>\n<p>El responsable garanteix que ha implementat pol\u00edtiques t\u00e8cniques i organitzatives apropiades per aplicar les mesures de seguretat que estableixen el RGPD i la LOPDGDD per protegir els drets i les llibertats de l&#8217;interessat\/interessada i els ha comunicat la informaci\u00f3 adequada perqu\u00e8 puguin exercir-los.<\/p>\n<h5><strong>Bretxes de seguretat<\/strong><\/h5>\n<p>El Responsable informar\u00e0 sobre qualsevol bretxa de seguretat que afecti la base de dades que utilitza aquest lloc web, o que afecti qualsevol dels nostres serveis de tercers, totes i cadascuna de les persones, dades de qu\u00e8 puguin haver estat afectades, i autoritats, dins de les 72 hores seg\u00fcents a la detecci\u00f3 de la bretxa.<\/p>\n<h5><strong>Legislaci\u00f3 aplicable i jurisdicci\u00f3<\/strong><\/h5>\n<p>Es reserva la facultat de presentar les accions civils o penals que consideri necess\u00e0ries per a la utilitzaci\u00f3 indeguda del Lloc Web i Continguts.<\/p>\n<p>La relaci\u00f3 entre l&#8217;Usuari i el Responsable es regir\u00e0 per la normativa vigent i aplicable al territori espanyol. En cas de sorgir qualsevol controv\u00e8rsia en relaci\u00f3 amb la interpretaci\u00f3 i\/o aplicaci\u00f3, les parts sotmetran els seus conflictes a la jurisdicci\u00f3 ordin\u00e0ria sotmetent-se als jutges i tribunals que corresponguin d&#8217;acord amb el dret.<\/p>\n<\/div><\/div><\/div><\/div><\/div>\n","protected":false},"excerpt":{"rendered":"","protected":false},"author":1,"featured_media":0,"parent":0,"menu_order":0,"comment_status":"closed","ping_status":"open","template":"100-width.php","meta":{"_joinchat":[],"footnotes":""},"class_list":["post-827","page","type-page","status-publish","hentry"],"yoast_head":"<!-- This site is optimized with the Yoast SEO plugin v23.9 - https:\/\/yoast.com\/wordpress\/plugins\/seo\/ -->\n<title>Pol\u00edtica de privacitat - DYO<\/title>\n<meta name=\"robots\" content=\"index, follow, max-snippet:-1, max-image-preview:large, max-video-preview:-1\" \/>\n<link rel=\"canonical\" href=\"https:\/\/dyo.cat\/ca\/politica-de-privacitat\/\" \/>\n<meta property=\"og:locale\" content=\"ca_ES\" \/>\n<meta property=\"og:type\" content=\"article\" \/>\n<meta property=\"og:title\" content=\"Pol\u00edtica de privacitat - DYO\" \/>\n<meta property=\"og:url\" content=\"https:\/\/dyo.cat\/ca\/politica-de-privacitat\/\" \/>\n<meta property=\"og:site_name\" content=\"DYO\" \/>\n<meta property=\"article:modified_time\" content=\"2024-11-29T11:40:04+00:00\" \/>\n<meta name=\"twitter:card\" content=\"summary_large_image\" \/>\n<meta name=\"twitter:label1\" content=\"Temps estimat de lectura\" \/>\n\t<meta name=\"twitter:data1\" content=\"6 minuts\" \/>\n<script type=\"application\/ld+json\" class=\"yoast-schema-graph\">{\"@context\":\"https:\/\/schema.org\",\"@graph\":[{\"@type\":\"WebPage\",\"@id\":\"https:\/\/dyo.cat\/ca\/politica-de-privacitat\/\",\"url\":\"https:\/\/dyo.cat\/ca\/politica-de-privacitat\/\",\"name\":\"Pol\u00edtica de privacitat - DYO\",\"isPartOf\":{\"@id\":\"https:\/\/dyo.cat\/#website\"},\"datePublished\":\"2024-07-16T10:27:16+00:00\",\"dateModified\":\"2024-11-29T11:40:04+00:00\",\"breadcrumb\":{\"@id\":\"https:\/\/dyo.cat\/ca\/politica-de-privacitat\/#breadcrumb\"},\"inLanguage\":\"ca\",\"potentialAction\":[{\"@type\":\"ReadAction\",\"target\":[\"https:\/\/dyo.cat\/ca\/politica-de-privacitat\/\"]}]},{\"@type\":\"BreadcrumbList\",\"@id\":\"https:\/\/dyo.cat\/ca\/politica-de-privacitat\/#breadcrumb\",\"itemListElement\":[{\"@type\":\"ListItem\",\"position\":1,\"name\":\"Portada\",\"item\":\"https:\/\/dyo.cat\/ca\/\"},{\"@type\":\"ListItem\",\"position\":2,\"name\":\"Pol\u00edtica de privacitat\"}]},{\"@type\":\"WebSite\",\"@id\":\"https:\/\/dyo.cat\/#website\",\"url\":\"https:\/\/dyo.cat\/\",\"name\":\"DYO\",\"description\":\"Instal\u00b7laci\u00f3 i manteniment de fontaneria, calefacci\u00f3, gas, aire condicionat i comunitats\",\"potentialAction\":[{\"@type\":\"SearchAction\",\"target\":{\"@type\":\"EntryPoint\",\"urlTemplate\":\"https:\/\/dyo.cat\/?s={search_term_string}\"},\"query-input\":{\"@type\":\"PropertyValueSpecification\",\"valueRequired\":true,\"valueName\":\"search_term_string\"}}],\"inLanguage\":\"ca\"}]}<\/script>\n<!-- \/ Yoast SEO plugin. -->","yoast_head_json":{"title":"Pol\u00edtica de privacitat - DYO","robots":{"index":"index","follow":"follow","max-snippet":"max-snippet:-1","max-image-preview":"max-image-preview:large","max-video-preview":"max-video-preview:-1"},"canonical":"https:\/\/dyo.cat\/ca\/politica-de-privacitat\/","og_locale":"ca_ES","og_type":"article","og_title":"Pol\u00edtica de privacitat - DYO","og_url":"https:\/\/dyo.cat\/ca\/politica-de-privacitat\/","og_site_name":"DYO","article_modified_time":"2024-11-29T11:40:04+00:00","twitter_card":"summary_large_image","twitter_misc":{"Temps estimat de lectura":"6 minuts"},"schema":{"@context":"https:\/\/schema.org","@graph":[{"@type":"WebPage","@id":"https:\/\/dyo.cat\/ca\/politica-de-privacitat\/","url":"https:\/\/dyo.cat\/ca\/politica-de-privacitat\/","name":"Pol\u00edtica de privacitat - DYO","isPartOf":{"@id":"https:\/\/dyo.cat\/#website"},"datePublished":"2024-07-16T10:27:16+00:00","dateModified":"2024-11-29T11:40:04+00:00","breadcrumb":{"@id":"https:\/\/dyo.cat\/ca\/politica-de-privacitat\/#breadcrumb"},"inLanguage":"ca","potentialAction":[{"@type":"ReadAction","target":["https:\/\/dyo.cat\/ca\/politica-de-privacitat\/"]}]},{"@type":"BreadcrumbList","@id":"https:\/\/dyo.cat\/ca\/politica-de-privacitat\/#breadcrumb","itemListElement":[{"@type":"ListItem","position":1,"name":"Portada","item":"https:\/\/dyo.cat\/ca\/"},{"@type":"ListItem","position":2,"name":"Pol\u00edtica de privacitat"}]},{"@type":"WebSite","@id":"https:\/\/dyo.cat\/#website","url":"https:\/\/dyo.cat\/","name":"DYO","description":"Instal\u00b7laci\u00f3 i manteniment de fontaneria, calefacci\u00f3, gas, aire condicionat i comunitats","potentialAction":[{"@type":"SearchAction","target":{"@type":"EntryPoint","urlTemplate":"https:\/\/dyo.cat\/?s={search_term_string}"},"query-input":{"@type":"PropertyValueSpecification","valueRequired":true,"valueName":"search_term_string"}}],"inLanguage":"ca"}]}},"_links":{"self":[{"href":"https:\/\/dyo.cat\/ca\/wp-json\/wp\/v2\/pages\/827","targetHints":{"allow":["GET"]}}],"collection":[{"href":"https:\/\/dyo.cat\/ca\/wp-json\/wp\/v2\/pages"}],"about":[{"href":"https:\/\/dyo.cat\/ca\/wp-json\/wp\/v2\/types\/page"}],"author":[{"embeddable":true,"href":"https:\/\/dyo.cat\/ca\/wp-json\/wp\/v2\/users\/1"}],"replies":[{"embeddable":true,"href":"https:\/\/dyo.cat\/ca\/wp-json\/wp\/v2\/comments?post=827"}],"version-history":[{"count":4,"href":"https:\/\/dyo.cat\/ca\/wp-json\/wp\/v2\/pages\/827\/revisions"}],"predecessor-version":[{"id":831,"href":"https:\/\/dyo.cat\/ca\/wp-json\/wp\/v2\/pages\/827\/revisions\/831"}],"wp:attachment":[{"href":"https:\/\/dyo.cat\/ca\/wp-json\/wp\/v2\/media?parent=827"}],"curies":[{"name":"wp","href":"https:\/\/api.w.org\/{rel}","templated":true}]}}